{"id":595,"date":"2016-09-05T13:20:49","date_gmt":"2016-09-05T12:20:49","guid":{"rendered":"http:\/\/ipc.ff.unipo.sk\/?page_id=595"},"modified":"2024-12-19T10:25:20","modified_gmt":"2024-12-19T08:25:20","slug":"predlzenie-elm-licencie-na-akademicky-rok-20162017","status":"publish","type":"page","link":"https:\/\/ipc.ff.unipo.sk\/?page_id=595","title":{"rendered":"Pred\u013a\u017eenie ELM licencie"},"content":{"rendered":"<p><div class=\"fusion-fullwidth fullwidth-box fusion-builder-row-1 nonhundred-percent-fullwidth non-hundred-percent-height-scrolling\" style=\"--awb-background-position:left top;--awb-border-color:#e5e4e4;--awb-border-radius-top-left:0px;--awb-border-radius-top-right:0px;--awb-border-radius-bottom-right:0px;--awb-border-radius-bottom-left:0px;--awb-padding-top:20px;--awb-padding-right:0px;--awb-padding-bottom:20px;--awb-padding-left:0px;--awb-background-color:#f6f6f6;--awb-border-sizes-top:1px;--awb-border-sizes-bottom:1px;--awb-flex-wrap:wrap;\" ><div class=\"fusion-builder-row fusion-row\"><div class=\"fusion-layout-column fusion_builder_column fusion-builder-column-0 fusion_builder_column_1_1 1_1 fusion-one-full fusion-column-first fusion-column-last fusion-column-no-min-height\" style=\"--awb-bg-size:cover;--awb-margin-bottom:0px;\"><div class=\"fusion-column-wrapper fusion-flex-column-wrapper-legacy\"><div class=\"fusion-text fusion-text-1\"><h1 style=\"text-align: center; font-size: 30px;\">Na pred\u013a\u017eenie ELM licencie k softv\u00e9ru MemoQ\u00a0m\u00e1te e\u0161te:<\/h1>\n<\/div><div class=\"fusion-clearfix\"><\/div><\/div><\/div><div class=\"fusion-layout-column fusion_builder_column fusion-builder-column-1 fusion_builder_column_1_1 1_1 fusion-one-full fusion-column-first fusion-column-last fusion-column-no-min-height\" style=\"--awb-bg-size:cover;--awb-margin-bottom:0px;\"><div class=\"fusion-column-wrapper fusion-flex-column-wrapper-legacy\"><div class=\"fusion-countdown fusion-countdown-1 fusion-countdown-floated fusion-countdown-label-text_flow\" style=\"--awb-background:#f6f6f6;--awb-counter-border-size:0;\"><div class=\"fusion-countdown-wrapper\"><div class=\"fusion-countdown-counter-wrapper awb-flex-grow\" id=\"fusion-countdown-1\" data-gmt-offset=\"3\" data-timer=\"2021-12-31-12-00-00\" data-omit-weeks=\"1\"><div class=\"fusion-dash-wrapper \"><div class=\"fusion-dash fusion-dash-days\"><div class=\"fusion-digit-wrapper\"><div class=\"fusion-thousand-digit fusion-digit\">0<\/div><div class=\"fusion-hundred-digit fusion-digit\">0<\/div><div class=\"fusion-digit\">0<\/div><div class=\"fusion-digit\">0<\/div><\/div><div class=\"fusion-dash-title\">Days<\/div><\/div><\/div><div class=\"fusion-dash-wrapper \"><div class=\"fusion-dash fusion-dash-hours\"><div class=\"fusion-digit-wrapper\"><div class=\"fusion-digit\">0<\/div><div class=\"fusion-digit\">0<\/div><\/div><div class=\"fusion-dash-title\">Hrs<\/div><\/div><\/div><div class=\"fusion-dash-wrapper \"><div class=\"fusion-dash fusion-dash-minutes\"><div class=\"fusion-digit-wrapper\"><div class=\"fusion-digit\">0<\/div><div class=\"fusion-digit\">0<\/div><\/div><div class=\"fusion-dash-title\">Min<\/div><\/div><\/div><div class=\"fusion-dash-wrapper \"><div class=\"fusion-dash fusion-dash-seconds\"><div class=\"fusion-digit-wrapper\"><div class=\"fusion-digit\">0<\/div><div class=\"fusion-digit\">0<\/div><\/div><div class=\"fusion-dash-title\">Sec<\/div><\/div><\/div><\/div><\/div><\/div><div class=\"fusion-text fusion-text-2\"><pre style=\"text-align: center; font-size: 15px;\">\u017diados\u0165 o pred\u013a\u017eenie licencie je potrebn\u00e9 zrealizova\u0165 do<strong> 31. decembra 2021. \r\nExistuj\u00face konta, <\/strong>ktor\u00e9 nepodaj\u00fa \u017eiados\u0165 o pred\u013a\u017eenie<strong> bud\u00fa automatick\u00fd zru\u0161en\u00e9.<\/strong><\/pre>\n<\/div><div class=\"fusion-clearfix\"><\/div><\/div><\/div><\/div><\/div><div class=\"fusion-fullwidth fullwidth-box fusion-builder-row-2 nonhundred-percent-fullwidth non-hundred-percent-height-scrolling\" style=\"--awb-background-position:left top;--awb-border-color:#f6f6f6;--awb-border-radius-top-left:0px;--awb-border-radius-top-right:0px;--awb-border-radius-bottom-right:0px;--awb-border-radius-bottom-left:0px;--awb-padding-top:66px;--awb-padding-right:0px;--awb-padding-bottom:50px;--awb-padding-left:0px;--awb-background-color:#fff;--awb-border-sizes-top:1px;--awb-border-sizes-bottom:1px;--awb-flex-wrap:wrap;\" ><div class=\"fusion-builder-row fusion-row\"><div class=\"fusion-layout-column fusion_builder_column fusion-builder-column-2 fusion_builder_column_1_2 1_2 fusion-one-half fusion-column-first\" style=\"--awb-bg-size:cover;width:48%; margin-right: 4%;\"><div class=\"fusion-column-wrapper fusion-flex-column-wrapper-legacy\"><div class=\"fusion-text fusion-text-3\"><h2>Ako postupova\u0165?<\/h2>\n<\/div><div class=\"fusion-sep-clear\"><\/div><div class=\"fusion-separator fusion-full-width-sep\" style=\"margin-left: auto;margin-right: auto;margin-top:5px;margin-bottom:25px;width:100%;\"><div class=\"fusion-separator-border sep-single sep-solid\" style=\"--awb-height:20px;--awb-amount:20px;border-color:#e0dede;border-top-width:1px;\"><\/div><\/div><div class=\"fusion-sep-clear\"><\/div><div class=\"fusion-text fusion-text-4\"><p>Ak ste u\u017e po\u010das minul\u00e9ho semestra vyu\u017e\u00edvali pri prekladoch softv\u00e9rov\u00fd produkt MemoQ a m\u00e1te existuj\u00face konto na str\u00e1nke ipc.ff.unipo.sk, postupujte nasledovne:<\/p>\n<\/div><ul style=\"--awb-size:13px;--awb-iconcolor:dark;--awb-line-height:22.1px;--awb-icon-width:22.1px;--awb-icon-height:22.1px;--awb-icon-margin:9.1px;--awb-content-margin:31.2px;\" class=\"fusion-checklist fusion-checklist-1 fusion-checklist-default type-icons\"><li class=\"fusion-li-item\" style=\"\"><span class=\"icon-wrapper circle-no\"><i class=\"fusion-li-icon fa fa-star\" aria-hidden=\"true\"><\/i><\/span><div class=\"fusion-li-item-content\"><strong>Prihl\u00e1ste sa<\/strong> na str\u00e1nke ipc.ff.unipo.sk a <strong>prejdite do svojho profilu<\/strong><\/div><\/li><li class=\"fusion-li-item\" style=\"\"><span class=\"icon-wrapper circle-no\"><i class=\"fusion-li-icon fa fa-star\" aria-hidden=\"true\"><\/i><\/span><div class=\"fusion-li-item-content\">V rozhran\u00ed profilu<strong> kliknite na\u00a0ikonu<\/strong> ozuben\u00e9ho kolieska\u00a0<img decoding=\"async\" class=\"alignnone wp-image-609\" src=\"https:\/\/ipc.ff.unipo.sk\/wp-content\/uploads\/Bez-n\u00e1zvu1.png\" alt=\"Bez n\u00e1zvu1\" width=\"23\" height=\"28\" \/>\u00a0a prejdite na polo\u017eku &#8220;<strong>edit profile<\/strong>&#8220;<\/div><\/li><li class=\"fusion-li-item\" style=\"\"><span class=\"icon-wrapper circle-no\"><i class=\"fusion-li-icon fa fa-star\" aria-hidden=\"true\"><\/i><\/span><div class=\"fusion-li-item-content\"><strong>Upravte rok a stupe\u0148 \u0161t\u00fadia<\/strong> pod\u013ea aktu\u00e1lnych \u00fadajov pre pr\u00edslu\u0161n\u00fd akademick\u00fd rok<\/div><\/li><li class=\"fusion-li-item\" style=\"\"><span class=\"icon-wrapper circle-no\"><i class=\"fusion-li-icon fa fa-star\" aria-hidden=\"true\"><\/i><\/span><div class=\"fusion-li-item-content\">V \u010dasti <strong>autoriza\u010dn\u00e9 dokumenty\u00a0<\/strong>prejdite do sekcie s n\u00e1zvom\u00a0<strong>potvrdenie o n\u00e1v\u0161teve \u0161koly\u00a0<\/strong>a kliknut\u00edm na ikonu\u00a0<strong>change file<\/strong> aktualizujte po\u017eadovan\u00fd dokument (t\u00e1to aktualiz\u00e1cia sa nevz\u0165ahuje na k\u00f3piu ISIC karty)<\/div><\/li><li class=\"fusion-li-item\" style=\"\"><span class=\"icon-wrapper circle-no\"><i class=\"fusion-li-icon fa fa-star\" aria-hidden=\"true\"><\/i><\/span><div class=\"fusion-li-item-content\">Vykonan\u00e9 zmeny ulo\u017e\u00edte kliknut\u00edm na ikonu\u00a0<img decoding=\"async\" class=\"alignnone wp-image-612\" src=\"https:\/\/ipc.ff.unipo.sk\/wp-content\/uploads\/Bez-n\u00e1zvu12.png\" alt=\"Bez n\u00e1zvu12\" width=\"24\" height=\"19\" \/>\u00a0vo vrchnej \u010dasti profilu<\/div><\/li><li class=\"fusion-li-item\" style=\"\"><span class=\"icon-wrapper circle-no\"><i class=\"fusion-li-icon fa fa-star\" aria-hidden=\"true\"><\/i><\/span><div class=\"fusion-li-item-content\">Po ulo\u017een\u00ed zmien prejdite na tla\u010didlo &#8220;<strong>Request Verification<\/strong>&#8220;, prostredn\u00edctvom ktor\u00e9ho za\u0161lete po\u017eiadavku na overenie aktualizovan\u00fdch \u00fadajov a pred\u013a\u017eenie licencie k softv\u00e9ru MemoQ<\/div><\/li><\/ul><div class=\"fusion-text fusion-text-5\"><p><span style=\"color: #ff0000;\">V pr\u00edpade nejasnost\u00ed alebo probl\u00e9mov m\u00f4\u017eete vyu\u017ei\u0165 in\u0161trukt\u00e1\u017ene video po pravej strane, alebo kontaktujte administr\u00e1tora na e-mailovej adrese ipc.ff.unipo@gmail.com<\/span><\/p>\n<\/div><div class=\"fusion-sep-clear\"><\/div><div class=\"fusion-separator fusion-full-width-sep\" style=\"margin-left: auto;margin-right: auto;margin-top:10px;margin-bottom:30px;width:100%;\"><div class=\"fusion-separator-border sep-single sep-solid\" style=\"--awb-height:20px;--awb-amount:20px;border-color:#e0dede;border-top-width:1px;\"><\/div><\/div><div class=\"fusion-sep-clear\"><\/div><div class=\"fusion-clearfix\"><\/div><\/div><\/div><div class=\"fusion-layout-column fusion_builder_column fusion-builder-column-3 fusion_builder_column_1_2 1_2 fusion-one-half fusion-column-last\" style=\"--awb-bg-size:cover;width:48%;\"><div class=\"fusion-column-wrapper fusion-flex-column-wrapper-legacy\"><div class=\"fusion-video fusion-youtube\" style=\"--awb-max-width:600px;--awb-max-height:350px;\"><div class=\"video-shortcode\"><div class=\"fluid-width-video-wrapper\" style=\"padding-top:58.33%;\" ><iframe title=\"YouTube video player 1\" src=\"https:\/\/www.youtube.com\/embed\/-U8ILwEnC0U?wmode=transparent&autoplay=0\" width=\"600\" height=\"350\" allowfullscreen allow=\"autoplay; fullscreen\"><\/iframe><\/div><\/div><\/div><div class=\"fusion-sep-clear\"><\/div><div class=\"fusion-separator fusion-full-width-sep\" style=\"margin-left: auto;margin-right: auto;margin-top:10px;width:100%;\"><\/div><div class=\"fusion-sep-clear\"><\/div><div class=\"fusion-button-wrapper\"><a class=\"fusion-button button-flat fusion-button-default-size button-default fusion-button-default button-1 fusion-button-default-span fusion-button-default-type\" target=\"_self\" href=\"https:\/\/ipc.ff.unipo.sk\/?page_id=270&amp;um_user=?\"><span class=\"fusion-button-text\">Prejs\u0165 do profilu<\/span><\/a><\/div><div class=\"fusion-clearfix\"><\/div><\/div><\/div><\/div><\/div><\/p>\n","protected":false},"excerpt":{"rendered":"","protected":false},"author":1,"featured_media":0,"parent":0,"menu_order":0,"comment_status":"closed","ping_status":"closed","template":"","meta":{"footnotes":""},"class_list":["post-595","page","type-page","status-publish","hentry"],"_links":{"self":[{"href":"https:\/\/ipc.ff.unipo.sk\/index.php?rest_route=\/wp\/v2\/pages\/595","targetHints":{"allow":["GET"]}}],"collection":[{"href":"https:\/\/ipc.ff.unipo.sk\/index.php?rest_route=\/wp\/v2\/pages"}],"about":[{"href":"https:\/\/ipc.ff.unipo.sk\/index.php?rest_route=\/wp\/v2\/types\/page"}],"author":[{"embeddable":true,"href":"https:\/\/ipc.ff.unipo.sk\/index.php?rest_route=\/wp\/v2\/users\/1"}],"replies":[{"embeddable":true,"href":"https:\/\/ipc.ff.unipo.sk\/index.php?rest_route=%2Fwp%2Fv2%2Fcomments&post=595"}],"version-history":[{"count":28,"href":"https:\/\/ipc.ff.unipo.sk\/index.php?rest_route=\/wp\/v2\/pages\/595\/revisions"}],"predecessor-version":[{"id":977,"href":"https:\/\/ipc.ff.unipo.sk\/index.php?rest_route=\/wp\/v2\/pages\/595\/revisions\/977"}],"wp:attachment":[{"href":"https:\/\/ipc.ff.unipo.sk\/index.php?rest_route=%2Fwp%2Fv2%2Fmedia&parent=595"}],"curies":[{"name":"wp","href":"https:\/\/api.w.org\/{rel}","templated":true}]}}