{"id":274,"date":"2015-09-11T02:57:52","date_gmt":"2015-09-11T00:57:52","guid":{"rendered":"http:\/\/kil.ff.unipo.sk\/?p=274"},"modified":"2015-09-14T16:22:32","modified_gmt":"2015-09-14T15:22:32","slug":"register","status":"publish","type":"page","link":"https:\/\/ipc.ff.unipo.sk\/?page_id=274","title":{"rendered":"Register"},"content":{"rendered":"<p>Registr\u00e1cia nov\u00e9ho pou\u017e\u00edvate\u013ea:<\/p>\n\n<div class=\"um um-register um-336\">\n\t<div class=\"um-form\" data-mode=\"register\">\n\t\t<form method=\"post\" action=\"\">\n\t\t\t<div class=\"um-row _um_row_1 \" style=\"margin: 0 0 30px 0;\"><div class=\"um-col-121\"><div  class=\"um-field um-field-block  um-field-block um-field-type_block\" data-key=\"um_block_336_7\"><h3><span style=\"text-decoration: underline;\">Osobn&eacute; &uacute;daje:<\/span><\/h3><\/div><div  id=\"um_field_336_user_login\" class=\"um-field um-field-text  um-field-user_login um-field-text um-field-type_text\" data-key=\"user_login\"><div class=\"um-field-label\"><div class=\"um-field-label-icon\"><i class=\"um-icon-android-people\" aria-label=\"Pou\u017e\u00edvate\u013esk\u00e9 meno:\"><\/i><\/div><label for=\"user_login-336\">Pou\u017e\u00edvate\u013esk\u00e9 meno:<\/label><div class=\"um-clear\"><\/div><\/div><div class=\"um-field-area\"><input  autocomplete=\"off\" class=\"um-form-field valid \" type=\"text\" name=\"user_login-336\" id=\"user_login-336\" value=\"\" placeholder=\"\" data-validate=\"unique_username\" data-key=\"user_login\"  aria-invalid=\"false\" \/>\n\n\t\t\t\t\t\t<\/div><\/div><div  id=\"um_field_336_first_name\" class=\"um-field um-field-text  um-field-first_name um-field-text um-field-type_text\" data-key=\"first_name\"><div class=\"um-field-label\"><div class=\"um-field-label-icon\"><i class=\"um-icon-android-arrow-dropright\" aria-label=\"Meno:\"><\/i><\/div><label for=\"first_name-336\">Meno:<\/label><div class=\"um-clear\"><\/div><\/div><div class=\"um-field-area\"><input  autocomplete=\"off\" class=\"um-form-field valid \" type=\"text\" name=\"first_name-336\" id=\"first_name-336\" value=\"\" placeholder=\"\" data-validate=\"\" data-key=\"first_name\"  aria-invalid=\"false\" \/>\n\n\t\t\t\t\t\t<\/div><\/div><div  id=\"um_field_336_last_name\" class=\"um-field um-field-text  um-field-last_name um-field-text um-field-type_text\" data-key=\"last_name\"><div class=\"um-field-label\"><div class=\"um-field-label-icon\"><i class=\"um-icon-android-arrow-dropright\" aria-label=\"Priezvisko:\"><\/i><\/div><label for=\"last_name-336\">Priezvisko:<\/label><div class=\"um-clear\"><\/div><\/div><div class=\"um-field-area\"><input  autocomplete=\"off\" class=\"um-form-field valid \" type=\"text\" name=\"last_name-336\" id=\"last_name-336\" value=\"\" placeholder=\"\" data-validate=\"\" data-key=\"last_name\"  aria-invalid=\"false\" \/>\n\n\t\t\t\t\t\t<\/div><\/div><div  id=\"um_field_336_user_email\" class=\"um-field um-field-text  um-field-user_email um-field-text um-field-type_text\" data-key=\"user_email\"><div class=\"um-field-label\"><div class=\"um-field-label-icon\"><i class=\"um-icon-android-drafts\" aria-label=\"E-mail:\"><\/i><\/div><label for=\"user_email-336\">E-mail:<\/label><div class=\"um-clear\"><\/div><\/div><div class=\"um-field-area\"><input  autocomplete=\"off\" class=\"um-form-field valid \" type=\"text\" name=\"user_email-336\" id=\"user_email-336\" value=\"\" placeholder=\"\" data-validate=\"unique_email\" data-key=\"user_email\"  aria-invalid=\"false\" \/>\n\n\t\t\t\t\t\t<\/div><\/div><div  id=\"um_field_336_user_password\" class=\"um-field um-field-password  um-field-user_password um-field-password um-field-type_password\" data-key=\"user_password\"><div class=\"um-field-label\"><div class=\"um-field-label-icon\"><i class=\"um-icon-android-unlock\" aria-label=\"Heslo:\"><\/i><\/div><label for=\"user_password-336\">Heslo:<\/label><span class=\"um-tip um-tip-w\" title=\"Heslo mus\u00ed obsahova\u0165 minim\u00e1lne jedno \u010d\u00edslo a jedno ve\u013ek\u00e9 a mal\u00e9 p\u00edsmeno! (Minim\u00e1lna d\u013a\u017eka hesla je 8 znakov.)\"><i class=\"um-icon-help-circled\"><\/i><\/span><div class=\"um-clear\"><\/div><\/div><div class=\"um-field-area\"><input class=\"um-form-field valid \" type=\"password\" name=\"user_password-336\" id=\"user_password-336\" value=\"\" placeholder=\"\" data-validate=\"\" data-key=\"user_password\"  aria-invalid=\"false\" \/>\n\n\t\t\t\t\t\t\t<\/div><\/div><div  id=\"um_field_336_confirm_user_password\" class=\"um-field um-field-password  um-field-user_password um-field-password um-field-type_password\" data-key=\"confirm_user_password\"><div class=\"um-field-label\"><div class=\"um-field-label-icon\"><i class=\"um-icon-android-unlock\" aria-label=\"Confirm Heslo:\"><\/i><\/div><label for=\"confirm_user_password-336\">Confirm Heslo:<\/label><div class=\"um-clear\"><\/div><\/div><div class=\"um-field-area\"><input class=\"um-form-field valid \" type=\"password\" name=\"confirm_user_password-336\" id=\"confirm_user_password-336\" value=\"\" placeholder=\"Confirm Heslo:\" data-validate=\"\" data-key=\"confirm_user_password\"  aria-invalid=\"false\" \/><\/div><\/div><div  id=\"um_field_336_role_select\" class=\"um-field um-field-select  um-field-role_select um-field-select um-field-type_select\" data-key=\"role_select\"><div class=\"um-field-label\"><div class=\"um-field-label-icon\"><i class=\"um-faicon-graduation-cap\" aria-label=\"Rok a stupe\u0148 \u0161t\u00fadia:\"><\/i><\/div><label for=\"role_select-336\">Rok a stupe\u0148 \u0161t\u00fadia:<\/label><div class=\"um-clear\"><\/div><\/div><div class=\"um-field-area  \"><select data-default=\"\"     name=\"role\" id=\"role\" data-validate=\"\" data-key=\"role_select\" class=\"um-form-field valid um-s1 \" style=\"width: 100%\" data-placeholder=\"\"   aria-invalid=\"false\" ><option value=\"\"><\/option><option value=\"um_pedagog\" >Pedag\u00f3g<\/option><option value=\"um_custom_role_1\" >2. ro\u010dn\u00edk (Mgr. stupe\u0148)<\/option><option value=\"um_custom_role_2\" >1. ro\u010dn\u00edk (Mgr. stupe\u0148)<\/option><option value=\"um_custom_role_3\" >3. ro\u010dn\u00edk (Bc. stupe\u0148)<\/option><option value=\"um_custom_role_4\" >2. ro\u010dn\u00edk (Bc. stupe\u0148)<\/option><option value=\"um_custom_role_5\" >1. ro\u010dn\u00edk (Bc. stupe\u0148)<\/option><\/select><\/div><\/div><\/div><div class=\"um-col-122\"><div  class=\"um-field um-field-block  um-field-block um-field-type_block\" data-key=\"um_block_336_8\"><h3><span style=\"text-decoration: underline;\">Autoriza\u010dn\u00e9 dokumenty:<\/span><\/h3><\/div><div  id=\"um_field_336_ISIC_number\" class=\"um-field um-field-text  um-field-ISIC_number um-field-text um-field-type_text\" data-key=\"ISIC_number\"><div class=\"um-field-label\"><div class=\"um-field-label-icon\"><i class=\"um-icon-card\" aria-label=\"\u010c\u00edslo ISIC\/ITIC karty:\"><\/i><\/div><label for=\"ISIC_number-336\">\u010c\u00edslo ISIC\/ITIC karty:<\/label><span class=\"um-tip um-tip-w\" title=\"\u010c\u00edslo ISIC\/ITIC karty bude sl\u00fa\u017ei\u0165 ako pr\u00edstupov\u00e9 heslo pre MemoQ licenciu!\"><i class=\"um-icon-help-circled\"><\/i><\/span><div class=\"um-clear\"><\/div><\/div><div class=\"um-field-area\"><input  autocomplete=\"off\" class=\"um-form-field valid \" type=\"text\" name=\"ISIC_number-336\" id=\"ISIC_number-336\" value=\"\" placeholder=\"\" data-validate=\"\" data-key=\"ISIC_number\"  aria-invalid=\"false\" \/>\n\n\t\t\t\t\t\t<\/div><\/div><div  id=\"um_field_336_PONS\" class=\"um-field um-field-file  um-field-PONS um-field-file um-field-type_file\" data-key=\"PONS\" data-mode=\"register\" data-upload-label=\"Upload\"><input type=\"hidden\" name=\"PONS-336\" id=\"PONS-336\" value=\"\"  aria-invalid=\"false\" \/><div class=\"um-field-label\"><div class=\"um-field-label-icon\"><i class=\"um-icon-android-list\" aria-label=\"Potvrdenie o n\u00e1v\u0161teve \u0161koly:\"><\/i><\/div><label for=\"PONS-336\">Potvrdenie o n\u00e1v\u0161teve \u0161koly:<\/label><span class=\"um-tip um-tip-w\" title=\"Nahrajte pros\u00edm k\u00f3piu po\u017eadovan\u00e9ho dokumentu za pr\u00edslu\u0161n\u00fd akademick\u00fd rok.\"><i class=\"um-icon-help-circled\"><\/i><\/span><div class=\"um-clear\"><\/div><\/div><div class=\"um-field-area\" style=\"text-align: center;\"><div class=\"um-single-file-preview\" data-key=\"PONS\"><\/div><a href=\"#\" data-modal=\"um_upload_single\" data-modal-size=\"normal\" data-modal-copy=\"1\" class=\"um-button um-btn-auto-width\">Upload<\/a><\/div><div class=\"um-modal-hidden-content\"><div class=\"um-modal-header\"> Potvrdenie o n\u00e1v\u0161teve \u0161koly:<\/div><div class=\"um-modal-body\"><div class=\"um-single-file-preview\">\n\t\t\t\t\t\t\t\t\t\t<a href=\"javascript:void(0);\" class=\"cancel\"><i class=\"um-icon-close\"><\/i><\/a>\n\t\t\t\t\t\t\t\t\t\t<div class=\"um-single-fileinfo\">\n\t\t\t\t\t\t\t\t\t\t\t<a href=\"\" target=\"_blank\">\n\t\t\t\t\t\t\t\t\t\t\t\t<span class=\"icon\"><i><\/i><\/span>\n\t\t\t\t\t\t\t\t\t\t\t\t<span class=\"filename\"><\/span>\n\t\t\t\t\t\t\t\t\t\t\t<\/a>\n\t\t\t\t\t\t\t\t\t\t<\/div>\n\t\t\t\t\t\t\t\t<\/div><div class=\"um-single-file-upload\" data-user_id=\"\" data-timestamp=\"1775309654\" data-nonce=\"b355acbec9\"  data-set_id=\"336\" data-set_mode=\"register\" data-type=\"file\" data-key=\"PONS\" data-max_size=\"5000000\" data-max_size_error=\"This file is too large!\" data-min_size_error=\"This file is too small!\" data-extension_error=\"Sorry this is not a valid file.\"  data-allowed_types=\"pdf\" data-upload_text=\"Drag &amp; Drop File\" data-max_files_error=\"You can only upload one file\" data-upload_help_text=\"\">Upload<\/div><div class=\"um-modal-footer\">\n\t\t\t\t\t\t\t\t\t<div class=\"um-modal-right\">\n\t\t\t\t\t\t\t\t\t\t<a href=\"javascript:void(0);\" class=\"um-modal-btn um-finish-upload file disabled\" data-key=\"PONS\" data-change=\"Change file\" data-processing=\"Processing...\"> Save<\/a>\n\t\t\t\t\t\t\t\t\t\t<a href=\"javascript:void(0);\" class=\"um-modal-btn alt\" data-action=\"um_remove_modal\"> Cancel<\/a>\n\t\t\t\t\t\t\t\t\t<\/div>\n\t\t\t\t\t\t\t\t\t<div class=\"um-clear\"><\/div>\n\t\t\t\t\t\t\t\t<\/div><\/div><\/div><\/div><div  class=\"um-field um-field-block  um-field-block um-field-type_block\" data-key=\"um_block_336_13\"><span style=\"color: #ff0000;\">Potvrdenie o n\u00e1v\u0161teve \u0161koly je z bezpe\u010dnostn\u00fdch d\u00f4vodov mo\u017en\u00e9 nahra\u0165 v\u00fdlu\u010dne vo form\u00e1te .PDF<\/span><\/div><div  id=\"um_field_336_ISIC_copy\" class=\"um-field um-field-image  um-field-ISIC_copy um-field-image um-field-type_image\" data-key=\"ISIC_copy\" data-mode=\"register\" data-upload-label=\"Upload\"><input type=\"hidden\" name=\"ISIC_copy-336\" id=\"ISIC_copy-336\" value=\"\"  aria-invalid=\"false\" \/><div class=\"um-field-label\"><div class=\"um-field-label-icon\"><i class=\"um-icon-android-list\" aria-label=\"K\u00f3pia ISIC\/ITIC karty:\"><\/i><\/div><label for=\"ISIC_copy-336\">K\u00f3pia ISIC\/ITIC karty:<\/label><span class=\"um-tip um-tip-w\" title=\"Nahrajte pros\u00edm k\u00f3piu prednej a zadnej strany prolongovanej ISIC\/ITIC karty.\"><i class=\"um-icon-help-circled\"><\/i><\/span><div class=\"um-clear\"><\/div><\/div><div class=\"um-field-area\" style=\"text-align: center;\"><div class=\"um-single-image-preview \" data-crop=\"0\" data-key=\"ISIC_copy\"><a href=\"javascript:void(0);\" class=\"cancel\"><i class=\"um-icon-close\"><\/i><\/a><img decoding=\"async\" class=\"fusion-lazyload-ignore\" src=\"\" alt=\"\" \/><div class=\"um-clear\"><\/div><\/div><a href=\"javascript:void(0);\" data-modal=\"um_upload_single\" data-modal-size=\"normal\" data-modal-copy=\"1\" class=\"um-button um-btn-auto-width\">Upload<\/a><\/div><div class=\"um-modal-hidden-content\"><div class=\"um-modal-header\"> K\u00f3pia ISIC\/ITIC karty:<\/div><div class=\"um-modal-body\"><div class=\"um-single-image-preview \"  data-crop=\"0\" data-ratio=\"1\" data-min_width=\"\" data-min_height=\"\" data-coord=\"\"><a href=\"javascript:void(0);\" class=\"cancel\"><i class=\"um-icon-close\"><\/i><\/a><img decoding=\"async\" class=\"fusion-lazyload-ignore\" src=\"\" alt=\"\" \/><div class=\"um-clear\"><\/div><\/div><div class=\"um-clear\"><\/div><div class=\"um-single-image-upload\" data-user_id=\"\" data-nonce=\"b355acbec9\" data-timestamp=\"1775309654\"  data-set_id=\"336\" data-set_mode=\"register\" data-type=\"image\" data-key=\"ISIC_copy\" data-max_size=\"5000000\" data-max_size_error=\"This image is too large!\" data-min_size_error=\"This image is too small!\" data-extension_error=\"Sorry this is not a valid image.\"  data-allowed_types=\"png,jpeg,jpg\" data-upload_text=\"Drag &amp; Drop Photo\" data-max_files_error=\"You can only upload one image\" data-upload_help_text=\"\">Upload<\/div><div class=\"um-modal-footer\">\n\t\t\t\t\t\t\t\t\t<div class=\"um-modal-right\">\n\t\t\t\t\t\t\t\t\t\t<a href=\"javascript:void(0);\" class=\"um-modal-btn um-finish-upload image disabled\" data-key=\"ISIC_copy\" data-change=\"Change photo\" data-processing=\"Processing...\">Apply<\/a>\n\t\t\t\t\t\t\t\t\t\t<a href=\"javascript:void(0);\" class=\"um-modal-btn alt\" data-action=\"um_remove_modal\"> Cancel<\/a>\n\t\t\t\t\t\t\t\t\t<\/div>\n\t\t\t\t\t\t\t\t\t<div class=\"um-clear\"><\/div>\n\t\t\t\t\t\t\t\t<\/div><\/div><\/div><\/div><div  class=\"um-field um-field-block  um-field-block um-field-type_block\" data-key=\"um_block_336_13_14\"><span style=\"color: #ff0000;\">ISIC\/ITIC kartu mo\u017eno doda\u0165 v nasleduj\u00facich grafick\u00fdch form\u00e1toch (.jpg, .jpeg, .png)<\/span><\/div><\/div><div class=\"um-clear\"><\/div><\/div>\t<input type=\"hidden\" name=\"form_id\" id=\"form_id_336\" value=\"336\" \/>\n\t\t<p class=\"um_request_name\">\n\t\t<label for=\"um_request_336\">Only fill in if you are not human<\/label>\n\t\t<input type=\"hidden\" name=\"um_request\" id=\"um_request_336\" class=\"input\" value=\"\" size=\"25\" autocomplete=\"off\" \/>\n\t<\/p>\n\t<input type=\"hidden\" id=\"_wpnonce\" name=\"_wpnonce\" value=\"0baa9eab90\" \/><input type=\"hidden\" name=\"_wp_http_referer\" value=\"\/index.php?rest_route=%2Fwp%2Fv2%2Fpages%2F274\" \/>\n<div class=\"um-field\">\n\t<div class=\"g-recaptcha\" id=\"um-336\" data-type=\"\" data-size=\"\" data-theme=\"\" data-sitekey=\"6LejcSMTAAAAAJX5Z1qwdWzXqxWMFiVDxTw7E3Qf\"><\/div>\n<\/div>\n\n\n<script type=\"text\/javascript\">\n\t\n\t\tvar onloadCallback = function () {\n\t\t\tjQuery('.g-recaptcha').each( function (i) {\n\t\t\t\tgrecaptcha.render( jQuery(this).attr('id'), {\n\t\t\t\t\t'sitekey': jQuery(this).attr('data-sitekey'),\n\t\t\t\t\t'theme': jQuery(this).attr('data-theme')\n\t\t\t\t});\n\t\t\t});\n\t\t};\n\n\t\tfunction um_recaptcha_refresh() {\n\t\t\tjQuery('.g-recaptcha').html('');\n\t\t\tgrecaptcha.reset();\n\t\t\tonloadCallback();\n\t\t}\n\n\t<\/script>\n\n\t<div class=\"um-col-alt\">\n\n\t\t\n\t\t\t<div class=\"um-left um-half\">\n\t\t\t\t<input type=\"submit\" value=\"Register\" class=\"um-button\" id=\"um-submit-btn\" \/>\n\t\t\t<\/div>\n\t\t\t<div class=\"um-right um-half\">\n\t\t\t\t<a href=\"https:\/\/ipc.ff.unipo.sk\/?page_id=272\" class=\"um-button um-alt\">\n\t\t\t\t\tLogin\t\t\t\t<\/a>\n\t\t\t<\/div>\n\n\t\t\n\t\t<div class=\"um-clear\"><\/div>\n\n\t<\/div>\n\n\t\t\t<\/form>\n\t<\/div>\n<\/div>\n<style>\n\t\t\t.um-336.um {\n\t\t\tmax-width: 100%;\n\t\t}\n\t\t\t\t.um-336.um {\n\t\t\tmargin-left: 0px !important;\n\t\t}\n\t<\/style>\n\n","protected":false},"excerpt":{"rendered":"<p>Registr\u00e1cia nov\u00e9ho pou\u017e\u00edvate\u013ea:<\/p>\n","protected":false},"author":1,"featured_media":0,"parent":0,"menu_order":0,"comment_status":"closed","ping_status":"open","template":"template-full.php","meta":{"footnotes":""},"class_list":["post-274","page","type-page","status-publish","hentry"],"_links":{"self":[{"href":"https:\/\/ipc.ff.unipo.sk\/index.php?rest_route=\/wp\/v2\/pages\/274","targetHints":{"allow":["GET"]}}],"collection":[{"href":"https:\/\/ipc.ff.unipo.sk\/index.php?rest_route=\/wp\/v2\/pages"}],"about":[{"href":"https:\/\/ipc.ff.unipo.sk\/index.php?rest_route=\/wp\/v2\/types\/page"}],"author":[{"embeddable":true,"href":"https:\/\/ipc.ff.unipo.sk\/index.php?rest_route=\/wp\/v2\/users\/1"}],"replies":[{"embeddable":true,"href":"https:\/\/ipc.ff.unipo.sk\/index.php?rest_route=%2Fwp%2Fv2%2Fcomments&post=274"}],"version-history":[{"count":0,"href":"https:\/\/ipc.ff.unipo.sk\/index.php?rest_route=\/wp\/v2\/pages\/274\/revisions"}],"wp:attachment":[{"href":"https:\/\/ipc.ff.unipo.sk\/index.php?rest_route=%2Fwp%2Fv2%2Fmedia&parent=274"}],"curies":[{"name":"wp","href":"https:\/\/api.w.org\/{rel}","templated":true}]}}