{"id":2,"date":"2014-09-04T16:49:46","date_gmt":"2014-09-04T16:49:46","guid":{"rendered":"http:\/\/localhost:16229\/?page_id=2"},"modified":"2024-12-19T10:25:20","modified_gmt":"2024-12-19T08:25:20","slug":"sample-page","status":"publish","type":"page","link":"https:\/\/ipc.ff.unipo.sk\/?page_id=2","title":{"rendered":"ELM licencie"},"content":{"rendered":"<div class=\"fusion-fullwidth fullwidth-box fusion-builder-row-1 hundred-percent-fullwidth non-hundred-percent-height-scrolling\" style=\"--awb-border-radius-top-left:0px;--awb-border-radius-top-right:0px;--awb-border-radius-bottom-right:0px;--awb-border-radius-bottom-left:0px;--awb-overflow:visible;--awb-flex-wrap:wrap;\" ><div class=\"fusion-builder-row fusion-row\"><div class=\"fusion-layout-column fusion_builder_column fusion-builder-column-0 fusion_builder_column_1_2 1_2 fusion-one-half fusion-column-first\" style=\"--awb-bg-size:cover;width:48%; margin-right: 4%;\"><div class=\"fusion-column-wrapper fusion-flex-column-wrapper-legacy\"><div class=\"fusion-title title fusion-title-1 fusion-title-text fusion-title-size-one\"><h1 class=\"fusion-title-heading title-heading-left\" style=\"margin:0;\">ELM LICENCIA:<\/h1><span class=\"awb-title-spacer\"><\/span><div class=\"title-sep-container\"><div class=\"title-sep sep-double sep-solid\" style=\"border-color:#e0dede;\"><\/div><\/div><\/div><div class=\"fusion-text fusion-text-1\"><p style=\"text-align: justify;\"><img decoding=\"async\" class=\"wp-image-448 alignleft\" src=\"https:\/\/ipc.ff.unipo.sk\/wp-content\/uploads\/2014\/09\/License-manager.png\" width=\"147\" height=\"147\" srcset=\"https:\/\/ipc.ff.unipo.sk\/wp-content\/uploads\/2014\/09\/License-manager-66x66.png 66w, https:\/\/ipc.ff.unipo.sk\/wp-content\/uploads\/2014\/09\/License-manager-150x150.png 150w, https:\/\/ipc.ff.unipo.sk\/wp-content\/uploads\/2014\/09\/License-manager.png 256w\" sizes=\"(max-width: 147px) 100vw, 147px\" \/>ELM licencia (z angl.\u00a0Enterprise License Management) je typ mobilnej licencie, ktor\u00fa je mo\u017en\u00e9 prideli\u0165 na \u010dasovo obmedzen\u00e9 obdobie pou\u017e\u00edvate\u013eovi softv\u00e9rov\u00e9ho produktu MemoQ. Pre\u0161ovsk\u00e1 univerzita v Pre\u0161ove je od roku 2013 \u010dlenom programu &#8220;<a href=\"https:\/\/www.memoq.com\/partnership\/programs\/academic-program\">Kilgray Academic Program<\/a>&#8220;, v\u010faka \u010domu m\u00f4\u017eeme \u0161tudentom a \u0161tudentk\u00e1m poskytn\u00fa\u0165 bezplatn\u00e9 pou\u017e\u00edvanie neobmedzen\u00e9ho po\u010dtu licenci\u00ed, k jedn\u00e9mu z najprest\u00ed\u017enej\u0161\u00edch CAT n\u00e1strojov.<\/p>\n<p style=\"text-align: justify;\">O licenciu m\u00f4\u017eu \u017eiada\u0165 <span style=\"color: red;\">v\u00fdlu\u010dne \u0161tudenti Pre\u0161ovskej univerzity v Pre\u0161ove<span style=\"color: #000000;\">.\u00a0<\/span><\/span>Aj z tohto d\u00f4vodu sa v r\u00e1mci autoriza\u010dn\u00fdch dokumentov\u00a0vy\u017eaduje <span style=\"color: red;\">k\u00f3pia prednej a zadnej strany preukazu ISIC\/ITIC<span style=\"color: #000000;\"> +<\/span> k\u00f3pia Potvrdenia o n\u00e1v\u0161teve \u0161koly<\/span>. Po skon\u010den\u00ed \u0161t\u00fadia, \u0161tudent\/\u0161tudentka str\u00e1ca n\u00e1rok na pred\u013a\u017eenie aktiv\u00e1cie.<\/p>\n<p style=\"text-align: justify;\">Softv\u00e9rov\u00fd produkt MemoQ je po aktiv\u00e1cii mo\u017en\u00e9 vyu\u017e\u00edva\u0165 v\u00fdlu\u010dne na vzdel\u00e1vacie \u00fa\u010dely! <b>Pokia\u013e ste pedag\u00f3gom na PU v Pre\u0161ove, m\u00f4\u017eete registra\u010dn\u00fd formul\u00e1r presko\u010di\u0165 a so \u017eiados\u0165ou sa obr\u00e1\u0165te na administr\u00e1tora prostredn\u00edctvom e-mailovej adresy: ipc.ff.unipo@gmail.com<\/b><\/p>\n<\/div><div class=\"fusion-clearfix\"><\/div><\/div><\/div><div class=\"fusion-layout-column fusion_builder_column fusion-builder-column-1 fusion_builder_column_1_2 1_2 fusion-one-half fusion-column-last\" style=\"--awb-bg-size:cover;width:48%;\"><div class=\"fusion-column-wrapper fusion-flex-column-wrapper-legacy\"><div class=\"fusion-title title fusion-title-2 fusion-title-text fusion-title-size-one\"><h1 class=\"fusion-title-heading title-heading-left\" style=\"margin:0;\">POSTUP:<\/h1><span class=\"awb-title-spacer\"><\/span><div class=\"title-sep-container\"><div class=\"title-sep sep-double sep-solid\" style=\"border-color:#e0dede;\"><\/div><\/div><\/div><ul style=\"--awb-size:13px;--awb-iconcolor:#0a0a0a;--awb-line-height:22.1px;--awb-icon-width:22.1px;--awb-icon-height:22.1px;--awb-icon-margin:9.1px;--awb-content-margin:31.2px;\" class=\"fusion-checklist fusion-checklist-1 fusion-checklist-default type-icons\"><li class=\"fusion-li-item\" style=\"\"><span class=\"icon-wrapper circle-no\"><i class=\"fusion-li-icon fa fa-check-square-o\" aria-hidden=\"true\"><\/i><\/span><div class=\"fusion-li-item-content\">Zaregistrujte sa na str\u00e1nke <a href=\"https:\/\/ipc.ff.unipo.sk\">ipc.ff.unipo.sk<\/a>\u00a0(nevz\u0165ahuje sa na pedag\u00f3gov PU)<\/div><\/li><li class=\"fusion-li-item\" style=\"\"><span class=\"icon-wrapper circle-no\"><i class=\"fusion-li-icon fa fa-check-square-o\" aria-hidden=\"true\"><\/i><\/span><div class=\"fusion-li-item-content\">Po\u010dkajte, k\u00fdm administr\u00e1tor over\u00ed a schv\u00e1li vami zadan\u00e9 \u00fadaje.<\/div><\/li><li class=\"fusion-li-item\" style=\"\"><span class=\"icon-wrapper circle-no\"><i class=\"fusion-li-icon fa fa-check-square-o\" aria-hidden=\"true\"><\/i><\/span><div class=\"fusion-li-item-content\">Zo str\u00e1nky <a href=\"https:\/\/www.memoq.com\/downloads\">downloads<\/a> na ofici\u00e1lnej str\u00e1nke v\u00fdrobcu MemoQ si do po\u010d\u00edta\u010da stiahnite najnov\u0161iu verziu klienta MemoQ 2015 (verzia Translator Pro).<\/div><\/li><li class=\"fusion-li-item\" style=\"\"><span class=\"icon-wrapper circle-no\"><i class=\"fusion-li-icon fa fa-check-square-o\" aria-hidden=\"true\"><\/i><\/span><div class=\"fusion-li-item-content\">Spustite stiahnut\u00fd in\u0161tal\u00e1tor a program nain\u0161talujte.<\/div><\/li><li class=\"fusion-li-item\" style=\"\"><span class=\"icon-wrapper circle-no\"><i class=\"fusion-li-icon fa fa-check-square-o\" aria-hidden=\"true\"><\/i><\/span><div class=\"fusion-li-item-content\">Po spusten\u00ed je program potrebn\u00e9 aktivova\u0165 prostredn\u00edctvom ELM licencie (vi\u010f in\u0161trukt\u00e1\u017ene video ni\u017e\u0161ie).<\/div><\/li><li class=\"fusion-li-item\" style=\"\"><span class=\"icon-wrapper circle-no\"><i class=\"fusion-li-icon fa fa-exclamation-circle\" aria-hidden=\"true\"><\/i><\/span><div class=\"fusion-li-item-content\">V pr\u00edpade ak\u00fdchko\u013evek probl\u00e9mov kontaktujte administr\u00e1tora na e-mailovej adrese: ipc.ff.unipo@gmail.com<\/div><\/li><\/ul><div class=\"fusion-clearfix\"><\/div><\/div><\/div><div class=\"fusion-layout-column fusion_builder_column fusion-builder-column-2 fusion_builder_column_1_1 1_1 fusion-one-full fusion-column-first fusion-column-last fusion-column-no-min-height\" style=\"--awb-bg-size:cover;--awb-margin-bottom:0px;\"><div class=\"fusion-column-wrapper fusion-flex-column-wrapper-legacy\"><div class=\"fusion-sep-clear\"><\/div><div class=\"fusion-separator fusion-full-width-sep\" style=\"margin-left: auto;margin-right: auto;margin-top:10px;margin-bottom:20px;width:100%;\"><div class=\"fusion-separator-border sep-single sep-dashed\" style=\"--awb-height:20px;--awb-amount:20px;border-color:#e0dede;border-top-width:1px;\"><\/div><\/div><div class=\"fusion-sep-clear\"><\/div><div class=\"fusion-clearfix\"><\/div><\/div><\/div><div class=\"fusion-layout-column fusion_builder_column fusion-builder-column-3 fusion_builder_column_1_1 1_1 fusion-one-full fusion-column-first fusion-column-last fusion-column-no-min-height\" style=\"--awb-bg-size:cover;--awb-margin-bottom:0px;\"><div class=\"fusion-column-wrapper fusion-flex-column-wrapper-legacy\"><div class=\"fusion-video fusion-youtube\" style=\"--awb-max-width:1280px;--awb-max-height:745px;\"><div class=\"video-shortcode\"><div class=\"fluid-width-video-wrapper\" style=\"padding-top:58.2%;\" ><iframe title=\"YouTube video player 1\" src=\"https:\/\/www.youtube.com\/embed\/7sISGHWZNvc?wmode=transparent&autoplay=0\" width=\"1280\" height=\"745\" allowfullscreen allow=\"autoplay; fullscreen\"><\/iframe><\/div><\/div><\/div><div class=\"fusion-clearfix\"><\/div><\/div><\/div><\/div><\/div>\n","protected":false},"excerpt":{"rendered":"","protected":false},"author":1,"featured_media":0,"parent":0,"menu_order":0,"comment_status":"open","ping_status":"open","template":"","meta":{"footnotes":""},"class_list":["post-2","page","type-page","status-publish","hentry"],"_links":{"self":[{"href":"https:\/\/ipc.ff.unipo.sk\/index.php?rest_route=\/wp\/v2\/pages\/2","targetHints":{"allow":["GET"]}}],"collection":[{"href":"https:\/\/ipc.ff.unipo.sk\/index.php?rest_route=\/wp\/v2\/pages"}],"about":[{"href":"https:\/\/ipc.ff.unipo.sk\/index.php?rest_route=\/wp\/v2\/types\/page"}],"author":[{"embeddable":true,"href":"https:\/\/ipc.ff.unipo.sk\/index.php?rest_route=\/wp\/v2\/users\/1"}],"replies":[{"embeddable":true,"href":"https:\/\/ipc.ff.unipo.sk\/index.php?rest_route=%2Fwp%2Fv2%2Fcomments&post=2"}],"version-history":[{"count":5,"href":"https:\/\/ipc.ff.unipo.sk\/index.php?rest_route=\/wp\/v2\/pages\/2\/revisions"}],"predecessor-version":[{"id":975,"href":"https:\/\/ipc.ff.unipo.sk\/index.php?rest_route=\/wp\/v2\/pages\/2\/revisions\/975"}],"wp:attachment":[{"href":"https:\/\/ipc.ff.unipo.sk\/index.php?rest_route=%2Fwp%2Fv2%2Fmedia&parent=2"}],"curies":[{"name":"wp","href":"https:\/\/api.w.org\/{rel}","templated":true}]}}